{"id":3202,"date":"2026-02-10T21:17:27","date_gmt":"2026-02-10T20:17:27","guid":{"rendered":"https:\/\/sunnydaycharter.com\/?page_id=3202"},"modified":"2026-03-16T00:07:17","modified_gmt":"2026-03-15T23:07:17","slug":"aviso-de-privacidad","status":"publish","type":"page","link":"https:\/\/sunnydaycharter.com\/de\/aviso-de-privacidad\/","title":{"rendered":"Aviso de privacidad"},"content":{"rendered":"<div data-elementor-type=\"wp-page\" data-elementor-id=\"3202\" class=\"elementor elementor-3202\" data-elementor-post-type=\"page\">\n\t\t\t\t<div class=\"elementor-element elementor-element-bad64ac e-flex e-con-boxed e-con e-parent\" data-id=\"bad64ac\" data-element_type=\"container\" data-e-type=\"container\">\n\t\t\t\t\t<div class=\"e-con-inner\">\n\t\t<div class=\"elementor-element elementor-element-94d06d2 e-con-full e-flex e-con e-child\" data-id=\"94d06d2\" data-element_type=\"container\" data-e-type=\"container\">\n\t\t\t\t<div class=\"elementor-element elementor-element-a0dff82 elementor-widget elementor-widget-image\" data-id=\"a0dff82\" data-element_type=\"widget\" data-e-type=\"widget\" data-widget_type=\"image.default\">\n\t\t\t\t\t\t\t\t\t\t\t\t\t\t\t<img decoding=\"async\" width=\"150\" height=\"150\" src=\"https:\/\/sunnydaycharter.com\/wp-content\/uploads\/2026\/01\/sunny-day-charter-logo-150x150.webp\" class=\"attachment-thumbnail size-thumbnail wp-image-135\" alt=\"Sunny Day Charter Logo - Luxury Yacht Rental in Mallorca\" srcset=\"https:\/\/sunnydaycharter.com\/wp-content\/uploads\/2026\/01\/sunny-day-charter-logo-150x150.webp 150w, https:\/\/sunnydaycharter.com\/wp-content\/uploads\/2026\/01\/sunny-day-charter-logo-300x300.webp 300w, https:\/\/sunnydaycharter.com\/wp-content\/uploads\/2026\/01\/sunny-day-charter-logo-768x768.webp 768w, https:\/\/sunnydaycharter.com\/wp-content\/uploads\/2026\/01\/sunny-day-charter-logo.webp 1000w\" sizes=\"(max-width: 150px) 100vw, 150px\" \/>\t\t\t\t\t\t\t\t\t\t\t\t\t\t\t<\/div>\n\t\t\t\t<div class=\"elementor-element elementor-element-7fb3036 elementor-widget elementor-widget-image\" data-id=\"7fb3036\" data-element_type=\"widget\" data-e-type=\"widget\" data-widget_type=\"image.default\">\n\t\t\t\t\t\t\t\t\t\t\t\t\t\t\t<img fetchpriority=\"high\" decoding=\"async\" width=\"800\" height=\"209\" src=\"https:\/\/sunnydaycharter.com\/wp-content\/uploads\/2026\/01\/sunny-day-charter-logo-m-1024x268.webp\" class=\"attachment-large size-large wp-image-295\" alt=\"sunny day charter - logo\" srcset=\"https:\/\/sunnydaycharter.com\/wp-content\/uploads\/2026\/01\/sunny-day-charter-logo-m-1024x268.webp 1024w, https:\/\/sunnydaycharter.com\/wp-content\/uploads\/2026\/01\/sunny-day-charter-logo-m-300x79.webp 300w, https:\/\/sunnydaycharter.com\/wp-content\/uploads\/2026\/01\/sunny-day-charter-logo-m-768x201.webp 768w, https:\/\/sunnydaycharter.com\/wp-content\/uploads\/2026\/01\/sunny-day-charter-logo-m.webp 1500w\" sizes=\"(max-width: 800px) 100vw, 800px\" \/>\t\t\t\t\t\t\t\t\t\t\t\t\t\t\t<\/div>\n\t\t\t\t<div class=\"elementor-element elementor-element-f83d4f3 elementor-widget elementor-widget-heading\" data-id=\"f83d4f3\" data-element_type=\"widget\" data-e-type=\"widget\" data-widget_type=\"heading.default\">\n\t\t\t\t\t<h1 class=\"elementor-heading-title elementor-size-default\">POL\u00cdTICA DE PRIVACIDAD<\/h1>\t\t\t\t<\/div>\n\t\t\t\t<div class=\"elementor-element elementor-element-5ceeff2 elementor-widget elementor-widget-text-editor\" data-id=\"5ceeff2\" data-element_type=\"widget\" data-e-type=\"widget\" data-widget_type=\"text-editor.default\">\n\t\t\t\t\t\t\t\t\t<h3 data-path-to-node=\"5\">Responsable del tratamiento<\/h3><p data-path-to-node=\"6\">El responsable del tratamiento de los datos recabados es:<\/p><ul data-path-to-node=\"7\"><li><p data-path-to-node=\"7,0,0\"><b data-path-to-node=\"7,0,0\" data-index-in-node=\"0\">Titular:<\/b> SUNNY DAY CHARTER SL<\/p><\/li><li><p data-path-to-node=\"7,1,0\"><b data-path-to-node=\"7,1,0\" data-index-in-node=\"0\">C.I.F.:<\/b> B16637951<\/p><\/li><li><p data-path-to-node=\"7,2,0\"><b data-path-to-node=\"7,2,0\" data-index-in-node=\"0\">Domicilio social:<\/b> Calle Talaia (Peguera), 4, 07184 Calvi\u00e0, Islas Baleares, Espa\u00f1a.<\/p><\/li><li><p data-path-to-node=\"7,3,0\"><b data-path-to-node=\"7,3,0\" data-index-in-node=\"0\">Correo electr\u00f3nico:<\/b> info@sunnydaycharter.com<\/p><\/li><\/ul>\t\t\t\t\t\t\t\t<\/div>\n\t\t\t\t<div class=\"elementor-element elementor-element-b7e66c6 elementor-widget elementor-widget-heading\" data-id=\"b7e66c6\" data-element_type=\"widget\" data-e-type=\"widget\" data-widget_type=\"heading.default\">\n\t\t\t\t\t<h2 class=\"elementor-heading-title elementor-size-default\">\u00c1mbito de aplicaci\u00f3n<\/h2>\t\t\t\t<\/div>\n\t\t\t\t<div class=\"elementor-element elementor-element-575bdb7 elementor-widget elementor-widget-text-editor\" data-id=\"575bdb7\" data-element_type=\"widget\" data-e-type=\"widget\" data-widget_type=\"text-editor.default\">\n\t\t\t\t\t\t\t\t\t<p class=\"p1\">La presente Pol\u00edtica de Privacidad regula el tratamiento de los datos personales de los usuarios que acceden, navegan o interact\u00faan con el sitio web <b data-path-to-node=\"9\" data-index-in-node=\"149\"><a class=\"ng-star-inserted\" href=\"https:\/\/www.sunnydaycharter.com\" target=\"_blank\" rel=\"noopener noreferrer nofollow\">www.sunnydaycharter.com<\/a><\/b>, as\u00ed como con los servicios ofrecidos por SUNNY DAY CHARTER SL.<\/p>\t\t\t\t\t\t\t\t<\/div>\n\t\t\t\t<div class=\"elementor-element elementor-element-363586c elementor-widget elementor-widget-heading\" data-id=\"363586c\" data-element_type=\"widget\" data-e-type=\"widget\" data-widget_type=\"heading.default\">\n\t\t\t\t\t<h2 class=\"elementor-heading-title elementor-size-default\">Datos personales que se recopilan<\/h2>\t\t\t\t<\/div>\n\t\t\t\t<div class=\"elementor-element elementor-element-2097d31 elementor-widget elementor-widget-text-editor\" data-id=\"2097d31\" data-element_type=\"widget\" data-e-type=\"widget\" data-widget_type=\"text-editor.default\">\n\t\t\t\t\t\t\t\t\t<p data-path-to-node=\"11\">SUNNY DAY CHARTER SL recopila datos a trav\u00e9s de los formularios del sitio web y de las herramientas de an\u00e1lisis y marketing integradas:<\/p><ul data-path-to-node=\"12\"><li><p data-path-to-node=\"12,0,0\">Datos identificativos y de contacto (nombre, correo electr\u00f3nico, tel\u00e9fono).<\/p><\/li><li><p data-path-to-node=\"12,1,0\">Datos de navegaci\u00f3n y comportamiento (direcci\u00f3n IP, tipo de dispositivo, p\u00e1ginas visitadas) recopilados mediante cookies y herramientas anal\u00edticas.<\/p><\/li><li><p data-path-to-node=\"12,2,0\">Datos facilitados voluntariamente por el usuario en consultas o solicitudes de reserva.<\/p><\/li><\/ul>\t\t\t\t\t\t\t\t<\/div>\n\t\t\t\t<div class=\"elementor-element elementor-element-8144f76 elementor-widget elementor-widget-heading\" data-id=\"8144f76\" data-element_type=\"widget\" data-e-type=\"widget\" data-widget_type=\"heading.default\">\n\t\t\t\t\t<h2 class=\"elementor-heading-title elementor-size-default\">Finalidad del tratamiento<\/h2>\t\t\t\t<\/div>\n\t\t\t\t<div class=\"elementor-element elementor-element-4238c4c elementor-widget elementor-widget-text-editor\" data-id=\"4238c4c\" data-element_type=\"widget\" data-e-type=\"widget\" data-widget_type=\"text-editor.default\">\n\t\t\t\t\t\t\t\t\t<p data-path-to-node=\"14\">Los datos ser\u00e1n tratados para las siguientes finalidades:<\/p><ul data-path-to-node=\"15\"><li><p data-path-to-node=\"15,0,0\">Gestionar las solicitudes de informaci\u00f3n y reservas de embarcaciones.<\/p><\/li><li><p data-path-to-node=\"15,1,0\">Mantener la relaci\u00f3n comercial y contractual con el cliente.<\/p><\/li><li><p data-path-to-node=\"15,2,0\">Analizar el comportamiento del usuario para mejorar la web (mediante herramientas como Hotjar).<\/p><\/li><li><p data-path-to-node=\"15,3,0\">Realizar acciones de marketing y publicidad personalizada (mediante herramientas como Google Ads y HubSpot).<\/p><\/li><li><p data-path-to-node=\"15,4,0\">Cumplir con las obligaciones legales aplicables.<\/p><\/li><\/ul>\t\t\t\t\t\t\t\t<\/div>\n\t\t\t\t<div class=\"elementor-element elementor-element-3a56dd8 elementor-widget elementor-widget-heading\" data-id=\"3a56dd8\" data-element_type=\"widget\" data-e-type=\"widget\" data-widget_type=\"heading.default\">\n\t\t\t\t\t<h2 class=\"elementor-heading-title elementor-size-default\">Base legal del tratamiento<\/h2>\t\t\t\t<\/div>\n\t\t\t\t<div class=\"elementor-element elementor-element-ac36ba7 elementor-widget elementor-widget-text-editor\" data-id=\"ac36ba7\" data-element_type=\"widget\" data-e-type=\"widget\" data-widget_type=\"text-editor.default\">\n\t\t\t\t\t\t\t\t\t<p data-path-to-node=\"17\">La base legal que legitima el tratamiento es:<\/p><ul data-path-to-node=\"18\"><li><p data-path-to-node=\"18,0,0\">El <b data-path-to-node=\"18,0,0\" data-index-in-node=\"3\">consentimiento expreso<\/b> del usuario (al marcar las casillas de los formularios o aceptar las cookies).<\/p><\/li><li><p data-path-to-node=\"18,1,0\">La <b data-path-to-node=\"18,1,0\" data-index-in-node=\"3\">ejecuci\u00f3n de un contrato<\/b> o medidas precontractuales (reservas de charter).<\/p><\/li><li><p data-path-to-node=\"18,2,0\">El <b data-path-to-node=\"18,2,0\" data-index-in-node=\"3\">inter\u00e9s leg\u00edtimo<\/b> del responsable para la mejora t\u00e9cnica y seguridad de la web.<\/p><\/li><\/ul>\t\t\t\t\t\t\t\t<\/div>\n\t\t\t\t<div class=\"elementor-element elementor-element-827a2f4 elementor-widget elementor-widget-heading\" data-id=\"827a2f4\" data-element_type=\"widget\" data-e-type=\"widget\" data-widget_type=\"heading.default\">\n\t\t\t\t\t<h2 class=\"elementor-heading-title elementor-size-default\">Transferencias internacionales de datos<\/h2>\t\t\t\t<\/div>\n\t\t\t\t<div class=\"elementor-element elementor-element-b783380 elementor-widget elementor-widget-text-editor\" data-id=\"b783380\" data-element_type=\"widget\" data-e-type=\"widget\" data-widget_type=\"text-editor.default\">\n\t\t\t\t\t\t\t\t\t<p class=\"p1\">Para la prestaci\u00f3n de ciertos servicios, SUNNY DAY CHARTER SL utiliza proveedores tecnol\u00f3gicos cuyos servidores pueden estar ubicados fuera del Espacio Econ\u00f3mico Europeo (EEE), principalmente en Estados Unidos. Entre estos proveedores se encuentran Google (Analytics\/Ads), HubSpot y Hotjar. Estas transferencias se realizan al amparo del Marco de Privacidad de Datos UE-EE. UU. (Data Privacy Framework) o mediante la firma de Cl\u00e1usulas Contractuales Tipo aprobadas por la Comisi\u00f3n Europea, garantizando un nivel de protecci\u00f3n adecuado.<\/p>\t\t\t\t\t\t\t\t<\/div>\n\t\t\t\t<div class=\"elementor-element elementor-element-0c33f81 elementor-widget elementor-widget-heading\" data-id=\"0c33f81\" data-element_type=\"widget\" data-e-type=\"widget\" data-widget_type=\"heading.default\">\n\t\t\t\t\t<h2 class=\"elementor-heading-title elementor-size-default\">Conservaci\u00f3n de los datos<\/h2>\t\t\t\t<\/div>\n\t\t\t\t<div class=\"elementor-element elementor-element-1186259 elementor-widget elementor-widget-text-editor\" data-id=\"1186259\" data-element_type=\"widget\" data-e-type=\"widget\" data-widget_type=\"text-editor.default\">\n\t\t\t\t\t\t\t\t\t<p class=\"p1\">Los datos personales se conservar\u00e1n durante el tiempo necesario para cumplir con la finalidad para la que fueron recabados y, en todo caso, durante los plazos legalmente exigidos por la normativa fiscal y mercantil.<\/p>\t\t\t\t\t\t\t\t<\/div>\n\t\t\t\t<div class=\"elementor-element elementor-element-63041ec elementor-widget elementor-widget-heading\" data-id=\"63041ec\" data-element_type=\"widget\" data-e-type=\"widget\" data-widget_type=\"heading.default\">\n\t\t\t\t\t<h2 class=\"elementor-heading-title elementor-size-default\">Derechos del usuario<\/h2>\t\t\t\t<\/div>\n\t\t\t\t<div class=\"elementor-element elementor-element-01fe4c4 elementor-widget elementor-widget-text-editor\" data-id=\"01fe4c4\" data-element_type=\"widget\" data-e-type=\"widget\" data-widget_type=\"text-editor.default\">\n\t\t\t\t\t\t\t\t\t<p data-path-to-node=\"24\">El usuario tiene derecho a:<\/p><ul data-path-to-node=\"25\"><li><p data-path-to-node=\"25,0,0\">Acceder, rectificar o suprimir sus datos.<\/p><\/li><li><p data-path-to-node=\"25,1,0\">Limitar u oponerse al tratamiento.<\/p><\/li><li><p data-path-to-node=\"25,2,0\">Solicitar la portabilidad de sus datos.<\/p><\/li><li><p data-path-to-node=\"25,3,0\">Retirar el consentimiento prestado en cualquier momento.<\/p><\/li><\/ul><p data-path-to-node=\"26\">Para ejercer estos derechos, debe enviar una comunicaci\u00f3n escrita a <b data-path-to-node=\"26\" data-index-in-node=\"68\">info@sunnydaycharter.com<\/b>. Si considera que sus derechos no han sido debidamente atendidos, tiene derecho a presentar una reclamaci\u00f3n ante la Agencia Espa\u00f1ola de Protecci\u00f3n de Datos (AEPD).<\/p>\t\t\t\t\t\t\t\t<\/div>\n\t\t\t\t<div class=\"elementor-element elementor-element-6182b08 elementor-widget elementor-widget-heading\" data-id=\"6182b08\" data-element_type=\"widget\" data-e-type=\"widget\" data-widget_type=\"heading.default\">\n\t\t\t\t\t<h2 class=\"elementor-heading-title elementor-size-default\">Medidas de seguridad<\/h2>\t\t\t\t<\/div>\n\t\t\t\t<div class=\"elementor-element elementor-element-07f1c3d elementor-widget elementor-widget-text-editor\" data-id=\"07f1c3d\" data-element_type=\"widget\" data-e-type=\"widget\" data-widget_type=\"text-editor.default\">\n\t\t\t\t\t\t\t\t\t<p class=\"p1\">SUNNY DAY CHARTER SL aplica las medidas t\u00e9cnicas y organizativas necesarias para garantizar la seguridad de los datos personales y evitar su alteraci\u00f3n, p\u00e9rdida o tratamiento no autorizado, teniendo en cuenta el estado de la tecnolog\u00eda.<\/p>\t\t\t\t\t\t\t\t<\/div>\n\t\t\t\t<div class=\"elementor-element elementor-element-fb6cab2 elementor-widget elementor-widget-heading\" data-id=\"fb6cab2\" data-element_type=\"widget\" data-e-type=\"widget\" data-widget_type=\"heading.default\">\n\t\t\t\t\t<h2 class=\"elementor-heading-title elementor-size-default\">Modificaciones<\/h2>\t\t\t\t<\/div>\n\t\t\t\t<div class=\"elementor-element elementor-element-94a4d45 elementor-widget elementor-widget-text-editor\" data-id=\"94a4d45\" data-element_type=\"widget\" data-e-type=\"widget\" data-widget_type=\"text-editor.default\">\n\t\t\t\t\t\t\t\t\t<p class=\"p1\">SUNNY DAY CHARTER SL se reserva el derecho a modificar esta pol\u00edtica para adaptarla a novedades legislativas o cambios en los servicios ofrecidos.<\/p>\t\t\t\t\t\t\t\t<\/div>\n\t\t\t\t<\/div>\n\t\t\t\t\t<\/div>\n\t\t\t\t<\/div>\n\t\t\t\t<\/div>","protected":false},"excerpt":{"rendered":"<p>POL\u00cdTICA DE PRIVACIDAD Responsable del tratamiento El responsable del tratamiento de los datos recabados es: Titular: SUNNY DAY CHARTER SL C.I.F.: B16637951 Domicilio social: Calle Talaia (Peguera), 4, 07184 Calvi\u00e0, Islas Baleares, Espa\u00f1a. Correo electr\u00f3nico: info@sunnydaycharter.com \u00c1mbito de aplicaci\u00f3n La presente Pol\u00edtica de Privacidad regula el tratamiento de los datos personales de los usuarios que [&hellip;]<\/p>\n","protected":false},"author":1,"featured_media":0,"parent":0,"menu_order":0,"comment_status":"closed","ping_status":"closed","template":"","meta":{"content-type":"","footnotes":""},"class_list":["post-3202","page","type-page","status-publish","hentry"],"_links":{"self":[{"href":"https:\/\/sunnydaycharter.com\/de\/wp-json\/wp\/v2\/pages\/3202","targetHints":{"allow":["GET"]}}],"collection":[{"href":"https:\/\/sunnydaycharter.com\/de\/wp-json\/wp\/v2\/pages"}],"about":[{"href":"https:\/\/sunnydaycharter.com\/de\/wp-json\/wp\/v2\/types\/page"}],"author":[{"embeddable":true,"href":"https:\/\/sunnydaycharter.com\/de\/wp-json\/wp\/v2\/users\/1"}],"replies":[{"embeddable":true,"href":"https:\/\/sunnydaycharter.com\/de\/wp-json\/wp\/v2\/comments?post=3202"}],"version-history":[{"count":31,"href":"https:\/\/sunnydaycharter.com\/de\/wp-json\/wp\/v2\/pages\/3202\/revisions"}],"predecessor-version":[{"id":5333,"href":"https:\/\/sunnydaycharter.com\/de\/wp-json\/wp\/v2\/pages\/3202\/revisions\/5333"}],"wp:attachment":[{"href":"https:\/\/sunnydaycharter.com\/de\/wp-json\/wp\/v2\/media?parent=3202"}],"curies":[{"name":"wp","href":"https:\/\/api.w.org\/{rel}","templated":true}]}}