{"id":3227,"date":"2026-02-10T21:54:56","date_gmt":"2026-02-10T20:54:56","guid":{"rendered":"https:\/\/sunnydaycharter.com\/?page_id=3227"},"modified":"2026-03-16T00:08:23","modified_gmt":"2026-03-15T23:08:23","slug":"politica-de-cookies","status":"publish","type":"page","link":"https:\/\/sunnydaycharter.com\/es\/politica-de-cookies\/","title":{"rendered":"Pol\u00edtica de Cookies"},"content":{"rendered":"\t\t<div data-elementor-type=\"wp-page\" data-elementor-id=\"3227\" class=\"elementor elementor-3227\" data-elementor-post-type=\"page\">\n\t\t\t\t<div class=\"elementor-element elementor-element-bad64ac e-flex e-con-boxed e-con e-parent\" data-id=\"bad64ac\" data-element_type=\"container\" data-e-type=\"container\">\n\t\t\t\t\t<div class=\"e-con-inner\">\n\t\t<div class=\"elementor-element elementor-element-94d06d2 e-con-full e-flex e-con e-child\" data-id=\"94d06d2\" data-element_type=\"container\" data-e-type=\"container\">\n\t\t\t\t<div class=\"elementor-element elementor-element-a0dff82 elementor-widget elementor-widget-image\" data-id=\"a0dff82\" data-element_type=\"widget\" data-e-type=\"widget\" data-widget_type=\"image.default\">\n\t\t\t\t\t\t\t\t\t\t\t\t\t\t\t<img decoding=\"async\" width=\"150\" height=\"150\" src=\"https:\/\/sunnydaycharter.com\/wp-content\/uploads\/2026\/01\/sunny-day-charter-logo-150x150.webp\" class=\"attachment-thumbnail size-thumbnail wp-image-135\" alt=\"Sunny Day Charter Logo - Luxury Yacht Rental in Mallorca\" srcset=\"https:\/\/sunnydaycharter.com\/wp-content\/uploads\/2026\/01\/sunny-day-charter-logo-150x150.webp 150w, https:\/\/sunnydaycharter.com\/wp-content\/uploads\/2026\/01\/sunny-day-charter-logo-300x300.webp 300w, https:\/\/sunnydaycharter.com\/wp-content\/uploads\/2026\/01\/sunny-day-charter-logo-768x768.webp 768w, https:\/\/sunnydaycharter.com\/wp-content\/uploads\/2026\/01\/sunny-day-charter-logo.webp 1000w\" sizes=\"(max-width: 150px) 100vw, 150px\" \/>\t\t\t\t\t\t\t\t\t\t\t\t\t\t\t<\/div>\n\t\t\t\t<div class=\"elementor-element elementor-element-7fb3036 elementor-widget elementor-widget-image\" data-id=\"7fb3036\" data-element_type=\"widget\" data-e-type=\"widget\" data-widget_type=\"image.default\">\n\t\t\t\t\t\t\t\t\t\t\t\t\t\t\t<img fetchpriority=\"high\" decoding=\"async\" width=\"800\" height=\"209\" src=\"https:\/\/sunnydaycharter.com\/wp-content\/uploads\/2026\/01\/sunny-day-charter-logo-m-1024x268.webp\" class=\"attachment-large size-large wp-image-295\" alt=\"sunny day charter - logo\" srcset=\"https:\/\/sunnydaycharter.com\/wp-content\/uploads\/2026\/01\/sunny-day-charter-logo-m-1024x268.webp 1024w, https:\/\/sunnydaycharter.com\/wp-content\/uploads\/2026\/01\/sunny-day-charter-logo-m-300x79.webp 300w, https:\/\/sunnydaycharter.com\/wp-content\/uploads\/2026\/01\/sunny-day-charter-logo-m-768x201.webp 768w, https:\/\/sunnydaycharter.com\/wp-content\/uploads\/2026\/01\/sunny-day-charter-logo-m.webp 1500w\" sizes=\"(max-width: 800px) 100vw, 800px\" \/>\t\t\t\t\t\t\t\t\t\t\t\t\t\t\t<\/div>\n\t\t\t\t<div class=\"elementor-element elementor-element-f83d4f3 elementor-widget elementor-widget-heading\" data-id=\"f83d4f3\" data-element_type=\"widget\" data-e-type=\"widget\" data-widget_type=\"heading.default\">\n\t\t\t\t\t<h1 class=\"elementor-heading-title elementor-size-default\">POL\u00cdTICA DE COOKIES<\/h1>\t\t\t\t<\/div>\n\t\t\t\t<div class=\"elementor-element elementor-element-b06df6f elementor-widget elementor-widget-text-editor\" data-id=\"b06df6f\" data-element_type=\"widget\" data-e-type=\"widget\" data-widget_type=\"text-editor.default\">\n\t\t\t\t\t\t\t\t\t<p class=\"p1\">\u00daltima actualizaci\u00f3n: Febrero 2026<\/p>\t\t\t\t\t\t\t\t<\/div>\n\t\t\t\t<div class=\"elementor-element elementor-element-c64a331 elementor-widget elementor-widget-heading\" data-id=\"c64a331\" data-element_type=\"widget\" data-e-type=\"widget\" data-widget_type=\"heading.default\">\n\t\t\t\t\t<h2 class=\"elementor-heading-title elementor-size-default\">\u00bfQu\u00e9 son las cookies?<\/h2>\t\t\t\t<\/div>\n\t\t\t\t<div class=\"elementor-element elementor-element-5ceeff2 elementor-widget elementor-widget-text-editor\" data-id=\"5ceeff2\" data-element_type=\"widget\" data-e-type=\"widget\" data-widget_type=\"text-editor.default\">\n\t\t\t\t\t\t\t\t\t<p class=\"p1\"><span class=\"citation-36 citation-end-36\">Las cookies son peque\u00f1os archivos de informaci\u00f3n que se almacenan en el dispositivo del usuario cuando visita un sitio web.<\/span> <span class=\"citation-35 citation-end-35\">Su finalidad es facilitar la navegaci\u00f3n, mejorar la experiencia del usuario y permitir el correcto funcionamiento del sitio web.<\/span><\/p>\t\t\t\t\t\t\t\t<\/div>\n\t\t\t\t<div class=\"elementor-element elementor-element-b7e66c6 elementor-widget elementor-widget-heading\" data-id=\"b7e66c6\" data-element_type=\"widget\" data-e-type=\"widget\" data-widget_type=\"heading.default\">\n\t\t\t\t\t<h2 class=\"elementor-heading-title elementor-size-default\">Uso de cookies en este sitio web<\/h2>\t\t\t\t<\/div>\n\t\t\t\t<div class=\"elementor-element elementor-element-575bdb7 elementor-widget elementor-widget-text-editor\" data-id=\"575bdb7\" data-element_type=\"widget\" data-e-type=\"widget\" data-widget_type=\"text-editor.default\">\n\t\t\t\t\t\t\t\t\t<p class=\"p1\">El sitio web <a class=\"ng-star-inserted\" href=\"https:\/\/www.sunnydaycharter.com\" target=\"_blank\" rel=\"noopener noreferrer nofollow\">www.sunnydaycharter.com<\/a> utiliza cookies propias y de terceros. Debido a la integraci\u00f3n de herramientas de marketing y an\u00e1lisis, el uso de estas cookies permite optimizar nuestra oferta comercial y personalizar la experiencia del usuario de acuerdo con sus intereses.<\/p>\t\t\t\t\t\t\t\t<\/div>\n\t\t\t\t<div class=\"elementor-element elementor-element-363586c elementor-widget elementor-widget-heading\" data-id=\"363586c\" data-element_type=\"widget\" data-e-type=\"widget\" data-widget_type=\"heading.default\">\n\t\t\t\t\t<h2 class=\"elementor-heading-title elementor-size-default\">Tipos de cookies utilizadas<\/h2>\t\t\t\t<\/div>\n\t\t\t\t<div class=\"elementor-element elementor-element-2097d31 elementor-widget elementor-widget-text-editor\" data-id=\"2097d31\" data-element_type=\"widget\" data-e-type=\"widget\" data-widget_type=\"text-editor.default\">\n\t\t\t\t\t\t\t\t\t<p data-path-to-node=\"10\"><b data-path-to-node=\"10\" data-index-in-node=\"0\">Cookies t\u00e9cnicas<\/b> <br \/>Son aquellas estrictamente necesarias para el funcionamiento b\u00e1sico del sitio web, permitiendo la navegaci\u00f3n y el acceso a \u00e1reas seguras. Estas cookies no pueden desactivarse en nuestros sistemas.<\/p><p data-path-to-node=\"11\"><b data-path-to-node=\"11\" data-index-in-node=\"0\">Cookies de an\u00e1lisis y estad\u00edsticas<\/b> <br \/>Permiten analizar el comportamiento de los usuarios de forma agregada. Utilizamos herramientas como Google Analytics y Hotjar para entender c\u00f3mo interact\u00faan los visitantes con nuestra p\u00e1gina y mejorar as\u00ed nuestros servicios.<\/p><p data-path-to-node=\"12\"><b data-path-to-node=\"12\" data-index-in-node=\"0\">Cookies de marketing y publicidad<\/b> <br \/>Se utilizan para rastrear a los visitantes a trav\u00e9s de las p\u00e1ginas web. La intenci\u00f3n es mostrar anuncios que sean relevantes y atractivos para el usuario individual. Utilizamos Google Ads para la gesti\u00f3n y optimizaci\u00f3n de nuestras campa\u00f1as publicitarias.<\/p><p data-path-to-node=\"13\"><b data-path-to-node=\"13\" data-index-in-node=\"0\">Cookies de personalizaci\u00f3n y servicios<\/b> <br \/>Herramientas como HubSpot pueden utilizar cookies para la gesti\u00f3n de formularios de contacto, servicios de chat y para la personalizaci\u00f3n de la comunicaci\u00f3n directa con el cliente.<\/p>\t\t\t\t\t\t\t\t<\/div>\n\t\t\t\t<div class=\"elementor-element elementor-element-8144f76 elementor-widget elementor-widget-heading\" data-id=\"8144f76\" data-element_type=\"widget\" data-e-type=\"widget\" data-widget_type=\"heading.default\">\n\t\t\t\t\t<h2 class=\"elementor-heading-title elementor-size-default\">Cookies de terceros<\/h2>\t\t\t\t<\/div>\n\t\t\t\t<div class=\"elementor-element elementor-element-4238c4c elementor-widget elementor-widget-text-editor\" data-id=\"4238c4c\" data-element_type=\"widget\" data-e-type=\"widget\" data-widget_type=\"text-editor.default\">\n\t\t\t\t\t\t\t\t\t<p data-path-to-node=\"15\">Este sitio web utiliza servicios de proveedores externos que instalan sus propias cookies para el correcto funcionamiento de sus herramientas. Los principales proveedores utilizados son:<\/p><ul data-path-to-node=\"16\"><li><p data-path-to-node=\"16,0,0\">Google (Analytics y Ads)<\/p><\/li><li><p data-path-to-node=\"16,1,0\">HubSpot<\/p><\/li><li><p data-path-to-node=\"16,2,0\">Hotjar<\/p><\/li><\/ul><p data-path-to-node=\"17\">Para obtener informaci\u00f3n detallada sobre el uso que estos terceros hacen de las cookies, le recomendamos consultar sus respectivas pol\u00edticas de privacidad y cookies.<\/p><h3 data-path-to-node=\"18\">\u00a0<\/h3>\t\t\t\t\t\t\t\t<\/div>\n\t\t\t\t<div class=\"elementor-element elementor-element-3a56dd8 elementor-widget elementor-widget-heading\" data-id=\"3a56dd8\" data-element_type=\"widget\" data-e-type=\"widget\" data-widget_type=\"heading.default\">\n\t\t\t\t\t<h2 class=\"elementor-heading-title elementor-size-default\">Gesti\u00f3n y configuraci\u00f3n de cookies<\/h2>\t\t\t\t<\/div>\n\t\t\t\t<div class=\"elementor-element elementor-element-ac36ba7 elementor-widget elementor-widget-text-editor\" data-id=\"ac36ba7\" data-element_type=\"widget\" data-e-type=\"widget\" data-widget_type=\"text-editor.default\">\n\t\t\t\t\t\t\t\t\t<p data-path-to-node=\"19\">El usuario puede aceptar, rechazar o configurar detalladamente el uso de cookies en cualquier momento a trav\u00e9s del banner de configuraci\u00f3n de cookies disponible en nuestro sitio web.<\/p><p data-path-to-node=\"20\">Asimismo, el usuario tiene la posibilidad de configurar su propio navegador para bloquear o eliminar las cookies instaladas en su dispositivo. Tenga en cuenta que la desactivaci\u00f3n de ciertas cookies puede afectar a la visualizaci\u00f3n de algunos contenidos o al correcto funcionamiento de ciertas herramientas del sitio web.<\/p>\t\t\t\t\t\t\t\t<\/div>\n\t\t\t\t<div class=\"elementor-element elementor-element-827a2f4 elementor-widget elementor-widget-heading\" data-id=\"827a2f4\" data-element_type=\"widget\" data-e-type=\"widget\" data-widget_type=\"heading.default\">\n\t\t\t\t\t<h2 class=\"elementor-heading-title elementor-size-default\">Consentimiento<\/h2>\t\t\t\t<\/div>\n\t\t\t\t<div class=\"elementor-element elementor-element-b783380 elementor-widget elementor-widget-text-editor\" data-id=\"b783380\" data-element_type=\"widget\" data-e-type=\"widget\" data-widget_type=\"text-editor.default\">\n\t\t\t\t\t\t\t\t\t<p>El uso de cookies de an\u00e1lisis y marketing se realizar\u00e1 \u00fanicamente cuando el usuario haya prestado su consentimiento expreso a trav\u00e9s del aviso de cookies, cumpliendo con las directrices vigentes de la Agencia Espa\u00f1ola de Protecci\u00f3n de Datos (AEPD).<\/p><p>\u00a0<\/p>\t\t\t\t\t\t\t\t<\/div>\n\t\t\t\t<div class=\"elementor-element elementor-element-fce1c73 elementor-widget elementor-widget-shortcode\" data-id=\"fce1c73\" data-element_type=\"widget\" data-e-type=\"widget\" data-widget_type=\"shortcode.default\">\n\t\t\t\t\t\t\t<div class=\"elementor-shortcode\">[cmplz-cookie-statement]<\/div>\n\t\t\t\t\t\t<\/div>\n\t\t\t\t<\/div>\n\t\t\t\t\t<\/div>\n\t\t\t\t<\/div>\n\t\t\t\t<\/div>\n\t\t","protected":false},"excerpt":{"rendered":"<p>POL\u00cdTICA DE COOKIES \u00daltima actualizaci\u00f3n: Febrero 2026 \u00bfQu\u00e9 son las cookies? Las cookies son peque\u00f1os archivos de informaci\u00f3n que se almacenan en el dispositivo del usuario cuando visita un sitio web. Su finalidad es facilitar la navegaci\u00f3n, mejorar la experiencia del usuario y permitir el correcto funcionamiento del sitio web. Uso de cookies en este [&hellip;]<\/p>\n","protected":false},"author":1,"featured_media":0,"parent":0,"menu_order":0,"comment_status":"closed","ping_status":"closed","template":"","meta":{"content-type":"","footnotes":""},"class_list":["post-3227","page","type-page","status-publish","hentry"],"_links":{"self":[{"href":"https:\/\/sunnydaycharter.com\/es\/wp-json\/wp\/v2\/pages\/3227","targetHints":{"allow":["GET"]}}],"collection":[{"href":"https:\/\/sunnydaycharter.com\/es\/wp-json\/wp\/v2\/pages"}],"about":[{"href":"https:\/\/sunnydaycharter.com\/es\/wp-json\/wp\/v2\/types\/page"}],"author":[{"embeddable":true,"href":"https:\/\/sunnydaycharter.com\/es\/wp-json\/wp\/v2\/users\/1"}],"replies":[{"embeddable":true,"href":"https:\/\/sunnydaycharter.com\/es\/wp-json\/wp\/v2\/comments?post=3227"}],"version-history":[{"count":22,"href":"https:\/\/sunnydaycharter.com\/es\/wp-json\/wp\/v2\/pages\/3227\/revisions"}],"predecessor-version":[{"id":5336,"href":"https:\/\/sunnydaycharter.com\/es\/wp-json\/wp\/v2\/pages\/3227\/revisions\/5336"}],"wp:attachment":[{"href":"https:\/\/sunnydaycharter.com\/es\/wp-json\/wp\/v2\/media?parent=3227"}],"curies":[{"name":"wp","href":"https:\/\/api.w.org\/{rel}","templated":true}]}}